{"id":26,"date":"2025-04-15T20:34:02","date_gmt":"2025-04-15T20:34:02","guid":{"rendered":"https:\/\/www.worthybio.com\/galeria\/"},"modified":"2025-04-15T20:34:05","modified_gmt":"2025-04-15T20:34:05","slug":"galeria","status":"publish","type":"page","link":"https:\/\/www.worthybio.com\/?page_id=26","title":{"rendered":"Galer\u00eda"},"content":{"rendered":"\t\t<div data-elementor-type=\"wp-page\" data-elementor-id=\"26\" class=\"elementor elementor-26\">\n\t\t\t\t\t\t<section class=\"elementor-section elementor-top-section elementor-element elementor-element-25cb23b6 elementor-section-boxed elementor-section-height-default elementor-section-height-default\" data-id=\"25cb23b6\" data-element_type=\"section\" data-e-type=\"section\" data-settings=\"{&quot;background_background&quot;:&quot;classic&quot;,&quot;shape_divider_bottom&quot;:&quot;curve&quot;,&quot;shape_divider_bottom_negative&quot;:&quot;yes&quot;}\">\n\t\t\t\t\t\t\t<div class=\"elementor-background-overlay\"><\/div>\n\t\t\t\t\t\t<div class=\"elementor-shape elementor-shape-bottom\" aria-hidden=\"true\" data-negative=\"true\">\n\t\t\t<svg xmlns=\"http:\/\/www.w3.org\/2000\/svg\" viewBox=\"0 0 1000 100\" preserveAspectRatio=\"none\">\n\t<path class=\"elementor-shape-fill\" d=\"M500,97C126.7,96.3,0.8,19.8,0,0v100l1000,0V1C1000,19.4,873.3,97.8,500,97z\"\/>\n<\/svg>\t\t<\/div>\n\t\t\t\t\t<div class=\"elementor-container elementor-column-gap-default\">\n\t\t\t\t\t<div class=\"elementor-column elementor-col-100 elementor-top-column elementor-element elementor-element-20c15493\" data-id=\"20c15493\" data-element_type=\"column\" data-e-type=\"column\">\n\t\t\t<div class=\"elementor-widget-wrap elementor-element-populated\">\n\t\t\t\t\t\t<div class=\"elementor-element elementor-element-c1c1915 elementor-widget elementor-widget-heading\" data-id=\"c1c1915\" data-element_type=\"widget\" data-e-type=\"widget\" data-widget_type=\"heading.default\">\n\t\t\t\t<div class=\"elementor-widget-container\">\n\t\t\t\t\t<h2 class=\"elementor-heading-title elementor-size-default\">Galer\u00eda<\/h2>\t\t\t\t<\/div>\n\t\t\t\t<\/div>\n\t\t\t\t<div class=\"elementor-element elementor-element-3ae1849 elementor-widget elementor-widget-text-editor\" data-id=\"3ae1849\" data-element_type=\"widget\" data-e-type=\"widget\" data-widget_type=\"text-editor.default\">\n\t\t\t\t<div class=\"elementor-widget-container\">\n\t\t\t\t\t\t\t\t\tExplora nuestra galer\u00eda y descubre la autenticidad en cada producto\t\t\t\t\t\t\t\t<\/div>\n\t\t\t\t<\/div>\n\t\t\t\t\t<\/div>\n\t\t<\/div>\n\t\t\t\t\t<\/div>\n\t\t<\/section>\n\t\t\t\t<section class=\"elementor-section elementor-top-section elementor-element elementor-element-2d4afeaa elementor-section-full_width elementor-section-height-default elementor-section-height-default\" data-id=\"2d4afeaa\" data-element_type=\"section\" data-e-type=\"section\" data-settings=\"{&quot;background_background&quot;:&quot;classic&quot;,&quot;shape_divider_bottom&quot;:&quot;wave-brush&quot;}\">\n\t\t\t\t\t<div class=\"elementor-shape elementor-shape-bottom\" aria-hidden=\"true\" data-negative=\"false\">\n\t\t\t<svg xmlns=\"http:\/\/www.w3.org\/2000\/svg\" viewBox=\"0 0 283.5 27.8\" preserveAspectRatio=\"none\">\n\t<path class=\"elementor-shape-fill\" d=\"M283.5,9.7c0,0-7.3,4.3-14,4.6c-6.8,0.3-12.6,0-20.9-1.5c-11.3-2-33.1-10.1-44.7-5.7\ts-12.1,4.6-18,7.4c-6.6,3.2-20,9.6-36.6,9.3C131.6,23.5,99.5,7.2,86.3,8c-1.4,0.1-6.6,0.8-10.5,2c-3.8,1.2-9.4,3.8-17,4.7\tc-3.2,0.4-8.3,1.1-14.2,0.9c-1.5-0.1-6.3-0.4-12-1.6c-5.7-1.2-11-3.1-15.8-3.7C6.5,9.2,0,10.8,0,10.8V0h283.5V9.7z M260.8,11.3\tc-0.7-1-2-0.4-4.3-0.4c-2.3,0-6.1-1.2-5.8-1.1c0.3,0.1,3.1,1.5,6,1.9C259.7,12.2,261.4,12.3,260.8,11.3z M242.4,8.6\tc0,0-2.4-0.2-5.6-0.9c-3.2-0.8-10.3-2.8-15.1-3.5c-8.2-1.1-15.8,0-15.1,0.1c0.8,0.1,9.6-0.6,17.6,1.1c3.3,0.7,9.3,2.2,12.4,2.7\tC239.9,8.7,242.4,8.6,242.4,8.6z M185.2,8.5c1.7-0.7-13.3,4.7-18.5,6.1c-2.1,0.6-6.2,1.6-10,2c-3.9,0.4-8.9,0.4-8.8,0.5\tc0,0.2,5.8,0.8,11.2,0c5.4-0.8,5.2-1.1,7.6-1.6C170.5,14.7,183.5,9.2,185.2,8.5z M199.1,6.9c0.2,0-0.8-0.4-4.8,1.1\tc-4,1.5-6.7,3.5-6.9,3.7c-0.2,0.1,3.5-1.8,6.6-3C197,7.5,199,6.9,199.1,6.9z M283,6c-0.1,0.1-1.9,1.1-4.8,2.5s-6.9,2.8-6.7,2.7\tc0.2,0,3.5-0.6,7.4-2.5C282.8,6.8,283.1,5.9,283,6z M31.3,11.6c0.1-0.2-1.9-0.2-4.5-1.2s-5.4-1.6-7.8-2C15,7.6,7.3,8.5,7.7,8.6\tC8,8.7,15.9,8.3,20.2,9.3c2.2,0.5,2.4,0.5,5.7,1.6S31.2,11.9,31.3,11.6z M73,9.2c0.4-0.1,3.5-1.6,8.4-2.6c4.9-1.1,8.9-0.5,8.9-0.8\tc0-0.3-1-0.9-6.2-0.3S72.6,9.3,73,9.2z M71.6,6.7C71.8,6.8,75,5.4,77.3,5c2.3-0.3,1.9-0.5,1.9-0.6c0-0.1-1.1-0.2-2.7,0.2\tC74.8,5.1,71.4,6.6,71.6,6.7z M93.6,4.4c0.1,0.2,3.5,0.8,5.6,1.8c2.1,1,1.8,0.6,1.9,0.5c0.1-0.1-0.8-0.8-2.4-1.3\tC97.1,4.8,93.5,4.2,93.6,4.4z M65.4,11.1c-0.1,0.3,0.3,0.5,1.9-0.2s2.6-1.3,2.2-1.2s-0.9,0.4-2.5,0.8C65.3,10.9,65.5,10.8,65.4,11.1\tz M34.5,12.4c-0.2,0,2.1,0.8,3.3,0.9c1.2,0.1,2,0.1,2-0.2c0-0.3-0.1-0.5-1.6-0.4C36.6,12.8,34.7,12.4,34.5,12.4z M152.2,21.1\tc-0.1,0.1-2.4-0.3-7.5-0.3c-5,0-13.6-2.4-17.2-3.5c-3.6-1.1,10,3.9,16.5,4.1C150.5,21.6,152.3,21,152.2,21.1z\"\/>\n\t<path class=\"elementor-shape-fill\" d=\"M269.6,18c-0.1-0.1-4.6,0.3-7.2,0c-7.3-0.7-17-3.2-16.6-2.9c0.4,0.3,13.7,3.1,17,3.3\tC267.7,18.8,269.7,18,269.6,18z\"\/>\n\t<path class=\"elementor-shape-fill\" d=\"M227.4,9.8c-0.2-0.1-4.5-1-9.5-1.2c-5-0.2-12.7,0.6-12.3,0.5c0.3-0.1,5.9-1.8,13.3-1.2\tS227.6,9.9,227.4,9.8z\"\/>\n\t<path class=\"elementor-shape-fill\" d=\"M204.5,13.4c-0.1-0.1,2-1,3.2-1.1c1.2-0.1,2,0,2,0.3c0,0.3-0.1,0.5-1.6,0.4\tC206.4,12.9,204.6,13.5,204.5,13.4z\"\/>\n\t<path class=\"elementor-shape-fill\" d=\"M201,10.6c0-0.1-4.4,1.2-6.3,2.2c-1.9,0.9-6.2,3.1-6.1,3.1c0.1,0.1,4.2-1.6,6.3-2.6\tS201,10.7,201,10.6z\"\/>\n\t<path class=\"elementor-shape-fill\" d=\"M154.5,26.7c-0.1-0.1-4.6,0.3-7.2,0c-7.3-0.7-17-3.2-16.6-2.9c0.4,0.3,13.7,3.1,17,3.3\tC152.6,27.5,154.6,26.8,154.5,26.7z\"\/>\n\t<path class=\"elementor-shape-fill\" d=\"M41.9,19.3c0,0,1.2-0.3,2.9-0.1c1.7,0.2,5.8,0.9,8.2,0.7c4.2-0.4,7.4-2.7,7-2.6\tc-0.4,0-4.3,2.2-8.6,1.9c-1.8-0.1-5.1-0.5-6.7-0.4S41.9,19.3,41.9,19.3z\"\/>\n\t<path class=\"elementor-shape-fill\" d=\"M75.5,12.6c0.2,0.1,2-0.8,4.3-1.1c2.3-0.2,2.1-0.3,2.1-0.5c0-0.1-1.8-0.4-3.4,0\tC76.9,11.5,75.3,12.5,75.5,12.6z\"\/>\n\t<path class=\"elementor-shape-fill\" d=\"M15.6,13.2c0-0.1,4.3,0,6.7,0.5c2.4,0.5,5,1.9,5,2c0,0.1-2.7-0.8-5.1-1.4\tC19.9,13.7,15.7,13.3,15.6,13.2z\"\/>\n<\/svg>\t\t<\/div>\n\t\t\t\t\t<div class=\"elementor-container elementor-column-gap-no\">\n\t\t\t\t\t<div class=\"elementor-column elementor-col-100 elementor-top-column elementor-element elementor-element-2accb9e6\" data-id=\"2accb9e6\" data-element_type=\"column\" data-e-type=\"column\">\n\t\t\t<div class=\"elementor-widget-wrap elementor-element-populated\">\n\t\t\t\t\t\t<div class=\"elementor-element elementor-element-4a504996 gallery-spacing-custom elementor-widget elementor-widget-image-gallery\" data-id=\"4a504996\" data-element_type=\"widget\" data-e-type=\"widget\" data-widget_type=\"image-gallery.default\">\n\t\t\t\t<div class=\"elementor-widget-container\">\n\t\t\t\t\t\t\t<div class=\"elementor-image-gallery\">\n\t\t\t<div id='gallery-1' class='gallery galleryid-26 gallery-columns-2 gallery-size-large'><figure class='gallery-item'>\n\t\t\t<div class='gallery-icon landscape'>\n\t\t\t\t<a data-elementor-open-lightbox=\"yes\" data-elementor-lightbox-slideshow=\"4a504996\" data-elementor-lightbox-title=\"12.jpg\" data-e-action-hash=\"#elementor-action%3Aaction%3Dlightbox%26settings%3DeyJpZCI6MTEsInVybCI6Imh0dHBzOlwvXC93d3cud29ydGh5YmlvLmNvbVwvd3AtY29udGVudFwvdXBsb2Fkc1wvMjAyNVwvMDRcLzEyLmpwZyIsInNsaWRlc2hvdyI6IjRhNTA0OTk2In0%3D\" href='https:\/\/www.worthybio.com\/wp-content\/uploads\/2025\/04\/12.jpg'><img fetchpriority=\"high\" decoding=\"async\" width=\"800\" height=\"800\" src=\"https:\/\/www.worthybio.com\/wp-content\/uploads\/2025\/04\/12.jpg\" class=\"attachment-large size-large\" alt=\"\" srcset=\"https:\/\/www.worthybio.com\/wp-content\/uploads\/2025\/04\/12.jpg 800w, https:\/\/www.worthybio.com\/wp-content\/uploads\/2025\/04\/12-300x300.jpg 300w, https:\/\/www.worthybio.com\/wp-content\/uploads\/2025\/04\/12-150x150.jpg 150w, https:\/\/www.worthybio.com\/wp-content\/uploads\/2025\/04\/12-768x768.jpg 768w\" sizes=\"(max-width: 800px) 100vw, 800px\" \/><\/a>\n\t\t\t<\/div><\/figure><figure class='gallery-item'>\n\t\t\t<div class='gallery-icon landscape'>\n\t\t\t\t<a data-elementor-open-lightbox=\"yes\" data-elementor-lightbox-slideshow=\"4a504996\" data-elementor-lightbox-title=\"22.jpg\" data-e-action-hash=\"#elementor-action%3Aaction%3Dlightbox%26settings%3DeyJpZCI6MjcsInVybCI6Imh0dHBzOlwvXC93d3cud29ydGh5YmlvLmNvbVwvd3AtY29udGVudFwvdXBsb2Fkc1wvMjAyNVwvMDRcLzIyLmpwZyIsInNsaWRlc2hvdyI6IjRhNTA0OTk2In0%3D\" href='https:\/\/www.worthybio.com\/wp-content\/uploads\/2025\/04\/22.jpg'><img decoding=\"async\" width=\"800\" height=\"800\" src=\"https:\/\/www.worthybio.com\/wp-content\/uploads\/2025\/04\/22.jpg\" class=\"attachment-large size-large\" alt=\"\" srcset=\"https:\/\/www.worthybio.com\/wp-content\/uploads\/2025\/04\/22.jpg 800w, https:\/\/www.worthybio.com\/wp-content\/uploads\/2025\/04\/22-300x300.jpg 300w, https:\/\/www.worthybio.com\/wp-content\/uploads\/2025\/04\/22-150x150.jpg 150w, https:\/\/www.worthybio.com\/wp-content\/uploads\/2025\/04\/22-768x768.jpg 768w\" sizes=\"(max-width: 800px) 100vw, 800px\" \/><\/a>\n\t\t\t<\/div><\/figure><figure class='gallery-item'>\n\t\t\t<div class='gallery-icon landscape'>\n\t\t\t\t<a data-elementor-open-lightbox=\"yes\" data-elementor-lightbox-slideshow=\"4a504996\" data-elementor-lightbox-title=\"13.jpg\" data-e-action-hash=\"#elementor-action%3Aaction%3Dlightbox%26settings%3DeyJpZCI6MjgsInVybCI6Imh0dHBzOlwvXC93d3cud29ydGh5YmlvLmNvbVwvd3AtY29udGVudFwvdXBsb2Fkc1wvMjAyNVwvMDRcLzEzLmpwZyIsInNsaWRlc2hvdyI6IjRhNTA0OTk2In0%3D\" href='https:\/\/www.worthybio.com\/wp-content\/uploads\/2025\/04\/13.jpg'><img decoding=\"async\" width=\"800\" height=\"800\" src=\"https:\/\/www.worthybio.com\/wp-content\/uploads\/2025\/04\/13.jpg\" class=\"attachment-large size-large\" alt=\"\" srcset=\"https:\/\/www.worthybio.com\/wp-content\/uploads\/2025\/04\/13.jpg 800w, https:\/\/www.worthybio.com\/wp-content\/uploads\/2025\/04\/13-300x300.jpg 300w, https:\/\/www.worthybio.com\/wp-content\/uploads\/2025\/04\/13-150x150.jpg 150w, https:\/\/www.worthybio.com\/wp-content\/uploads\/2025\/04\/13-768x768.jpg 768w\" sizes=\"(max-width: 800px) 100vw, 800px\" \/><\/a>\n\t\t\t<\/div><\/figure><figure class='gallery-item'>\n\t\t\t<div class='gallery-icon landscape'>\n\t\t\t\t<a data-elementor-open-lightbox=\"yes\" data-elementor-lightbox-slideshow=\"4a504996\" data-elementor-lightbox-title=\"17.jpg\" data-e-action-hash=\"#elementor-action%3Aaction%3Dlightbox%26settings%3DeyJpZCI6MjksInVybCI6Imh0dHBzOlwvXC93d3cud29ydGh5YmlvLmNvbVwvd3AtY29udGVudFwvdXBsb2Fkc1wvMjAyNVwvMDRcLzE3LmpwZyIsInNsaWRlc2hvdyI6IjRhNTA0OTk2In0%3D\" href='https:\/\/www.worthybio.com\/wp-content\/uploads\/2025\/04\/17.jpg'><img loading=\"lazy\" decoding=\"async\" width=\"800\" height=\"800\" src=\"https:\/\/www.worthybio.com\/wp-content\/uploads\/2025\/04\/17.jpg\" class=\"attachment-large size-large\" alt=\"\" srcset=\"https:\/\/www.worthybio.com\/wp-content\/uploads\/2025\/04\/17.jpg 800w, https:\/\/www.worthybio.com\/wp-content\/uploads\/2025\/04\/17-300x300.jpg 300w, https:\/\/www.worthybio.com\/wp-content\/uploads\/2025\/04\/17-150x150.jpg 150w, https:\/\/www.worthybio.com\/wp-content\/uploads\/2025\/04\/17-768x768.jpg 768w\" sizes=\"(max-width: 800px) 100vw, 800px\" \/><\/a>\n\t\t\t<\/div><\/figure><figure class='gallery-item'>\n\t\t\t<div class='gallery-icon landscape'>\n\t\t\t\t<a data-elementor-open-lightbox=\"yes\" data-elementor-lightbox-slideshow=\"4a504996\" data-elementor-lightbox-title=\"21.jpg\" data-e-action-hash=\"#elementor-action%3Aaction%3Dlightbox%26settings%3DeyJpZCI6MzAsInVybCI6Imh0dHBzOlwvXC93d3cud29ydGh5YmlvLmNvbVwvd3AtY29udGVudFwvdXBsb2Fkc1wvMjAyNVwvMDRcLzIxLmpwZyIsInNsaWRlc2hvdyI6IjRhNTA0OTk2In0%3D\" href='https:\/\/www.worthybio.com\/wp-content\/uploads\/2025\/04\/21.jpg'><img loading=\"lazy\" decoding=\"async\" width=\"800\" height=\"800\" src=\"https:\/\/www.worthybio.com\/wp-content\/uploads\/2025\/04\/21.jpg\" class=\"attachment-large size-large\" alt=\"\" srcset=\"https:\/\/www.worthybio.com\/wp-content\/uploads\/2025\/04\/21.jpg 800w, https:\/\/www.worthybio.com\/wp-content\/uploads\/2025\/04\/21-300x300.jpg 300w, https:\/\/www.worthybio.com\/wp-content\/uploads\/2025\/04\/21-150x150.jpg 150w, https:\/\/www.worthybio.com\/wp-content\/uploads\/2025\/04\/21-768x768.jpg 768w\" sizes=\"(max-width: 800px) 100vw, 800px\" \/><\/a>\n\t\t\t<\/div><\/figure><figure class='gallery-item'>\n\t\t\t<div class='gallery-icon landscape'>\n\t\t\t\t<a data-elementor-open-lightbox=\"yes\" data-elementor-lightbox-slideshow=\"4a504996\" data-elementor-lightbox-title=\"7.jpg\" data-e-action-hash=\"#elementor-action%3Aaction%3Dlightbox%26settings%3DeyJpZCI6MzEsInVybCI6Imh0dHBzOlwvXC93d3cud29ydGh5YmlvLmNvbVwvd3AtY29udGVudFwvdXBsb2Fkc1wvMjAyNVwvMDRcLzcuanBnIiwic2xpZGVzaG93IjoiNGE1MDQ5OTYifQ%3D%3D\" href='https:\/\/www.worthybio.com\/wp-content\/uploads\/2025\/04\/7.jpg'><img loading=\"lazy\" decoding=\"async\" width=\"800\" height=\"800\" src=\"https:\/\/www.worthybio.com\/wp-content\/uploads\/2025\/04\/7.jpg\" class=\"attachment-large size-large\" alt=\"\" srcset=\"https:\/\/www.worthybio.com\/wp-content\/uploads\/2025\/04\/7.jpg 800w, https:\/\/www.worthybio.com\/wp-content\/uploads\/2025\/04\/7-300x300.jpg 300w, https:\/\/www.worthybio.com\/wp-content\/uploads\/2025\/04\/7-150x150.jpg 150w, https:\/\/www.worthybio.com\/wp-content\/uploads\/2025\/04\/7-768x768.jpg 768w\" sizes=\"(max-width: 800px) 100vw, 800px\" \/><\/a>\n\t\t\t<\/div><\/figure><figure class='gallery-item'>\n\t\t\t<div class='gallery-icon landscape'>\n\t\t\t\t<a data-elementor-open-lightbox=\"yes\" data-elementor-lightbox-slideshow=\"4a504996\" data-elementor-lightbox-title=\"8.jpg\" data-e-action-hash=\"#elementor-action%3Aaction%3Dlightbox%26settings%3DeyJpZCI6MzIsInVybCI6Imh0dHBzOlwvXC93d3cud29ydGh5YmlvLmNvbVwvd3AtY29udGVudFwvdXBsb2Fkc1wvMjAyNVwvMDRcLzguanBnIiwic2xpZGVzaG93IjoiNGE1MDQ5OTYifQ%3D%3D\" href='https:\/\/www.worthybio.com\/wp-content\/uploads\/2025\/04\/8.jpg'><img loading=\"lazy\" decoding=\"async\" width=\"800\" height=\"800\" src=\"https:\/\/www.worthybio.com\/wp-content\/uploads\/2025\/04\/8.jpg\" class=\"attachment-large size-large\" alt=\"\" srcset=\"https:\/\/www.worthybio.com\/wp-content\/uploads\/2025\/04\/8.jpg 800w, https:\/\/www.worthybio.com\/wp-content\/uploads\/2025\/04\/8-300x300.jpg 300w, https:\/\/www.worthybio.com\/wp-content\/uploads\/2025\/04\/8-150x150.jpg 150w, https:\/\/www.worthybio.com\/wp-content\/uploads\/2025\/04\/8-768x768.jpg 768w\" sizes=\"(max-width: 800px) 100vw, 800px\" \/><\/a>\n\t\t\t<\/div><\/figure><figure class='gallery-item'>\n\t\t\t<div class='gallery-icon landscape'>\n\t\t\t\t<a data-elementor-open-lightbox=\"yes\" data-elementor-lightbox-slideshow=\"4a504996\" data-elementor-lightbox-title=\"6.jpg\" data-e-action-hash=\"#elementor-action%3Aaction%3Dlightbox%26settings%3DeyJpZCI6MzMsInVybCI6Imh0dHBzOlwvXC93d3cud29ydGh5YmlvLmNvbVwvd3AtY29udGVudFwvdXBsb2Fkc1wvMjAyNVwvMDRcLzYtMS5qcGciLCJzbGlkZXNob3ciOiI0YTUwNDk5NiJ9\" href='https:\/\/www.worthybio.com\/wp-content\/uploads\/2025\/04\/6-1.jpg'><img loading=\"lazy\" decoding=\"async\" width=\"800\" height=\"800\" src=\"https:\/\/www.worthybio.com\/wp-content\/uploads\/2025\/04\/6-1.jpg\" class=\"attachment-large size-large\" alt=\"\" srcset=\"https:\/\/www.worthybio.com\/wp-content\/uploads\/2025\/04\/6-1.jpg 800w, https:\/\/www.worthybio.com\/wp-content\/uploads\/2025\/04\/6-1-300x300.jpg 300w, https:\/\/www.worthybio.com\/wp-content\/uploads\/2025\/04\/6-1-150x150.jpg 150w, https:\/\/www.worthybio.com\/wp-content\/uploads\/2025\/04\/6-1-768x768.jpg 768w\" sizes=\"(max-width: 800px) 100vw, 800px\" \/><\/a>\n\t\t\t<\/div><\/figure>\n\t\t<\/div>\n\t\t<\/div>\n\t\t\t\t\t\t<\/div>\n\t\t\t\t<\/div>\n\t\t\t\t\t<\/div>\n\t\t<\/div>\n\t\t\t\t\t<\/div>\n\t\t<\/section>\n\t\t\t\t<section class=\"elementor-section elementor-top-section elementor-element elementor-element-40389a33 elementor-section-boxed elementor-section-height-default elementor-section-height-default\" data-id=\"40389a33\" data-element_type=\"section\" data-e-type=\"section\">\n\t\t\t\t\t\t<div class=\"elementor-container elementor-column-gap-default\">\n\t\t\t\t\t<div class=\"elementor-column elementor-col-100 elementor-top-column elementor-element elementor-element-37ebb653\" data-id=\"37ebb653\" data-element_type=\"column\" data-e-type=\"column\">\n\t\t\t<div class=\"elementor-widget-wrap elementor-element-populated\">\n\t\t\t\t\t\t<div class=\"elementor-element elementor-element-3b77c078 elementor-widget elementor-widget-heading\" data-id=\"3b77c078\" data-element_type=\"widget\" data-e-type=\"widget\" data-widget_type=\"heading.default\">\n\t\t\t\t<div class=\"elementor-widget-container\">\n\t\t\t\t\t<h2 class=\"elementor-heading-title elementor-size-default\">\u00a1No te conformes con menos!<\/h2>\t\t\t\t<\/div>\n\t\t\t\t<\/div>\n\t\t\t\t<div class=\"elementor-element elementor-element-537490 elementor-widget elementor-widget-text-editor\" data-id=\"537490\" data-element_type=\"widget\" data-e-type=\"widget\" data-widget_type=\"text-editor.default\">\n\t\t\t\t<div class=\"elementor-widget-container\">\n\t\t\t\t\t\t\t\t\t<p>Comun\u00edcate con nosotros ahora mismo y nuestro equipo de expertos podr\u00e1n ayudarte a alcanzar tus metas de manera r\u00e1pida y efectiva.<\/p>\t\t\t\t\t\t\t\t<\/div>\n\t\t\t\t<\/div>\n\t\t\t\t<div class=\"elementor-element elementor-element-1601f7a8 elementor-align-center elementor-invisible elementor-widget elementor-widget-button\" data-id=\"1601f7a8\" data-element_type=\"widget\" data-e-type=\"widget\" data-settings=\"{&quot;_animation&quot;:&quot;fadeInDown&quot;}\" data-widget_type=\"button.default\">\n\t\t\t\t<div class=\"elementor-widget-container\">\n\t\t\t\t\t\t\t\t\t<div class=\"elementor-button-wrapper\">\n\t\t\t\t\t<a class=\"elementor-button elementor-button-link elementor-size-sm\" href=\"\/contacto\">\n\t\t\t\t\t\t<span class=\"elementor-button-content-wrapper\">\n\t\t\t\t\t\t\t\t\t<span class=\"elementor-button-text\">Cont\u00e1ctanos<\/span>\n\t\t\t\t\t<\/span>\n\t\t\t\t\t<\/a>\n\t\t\t\t<\/div>\n\t\t\t\t\t\t\t\t<\/div>\n\t\t\t\t<\/div>\n\t\t\t\t\t<\/div>\n\t\t<\/div>\n\t\t\t\t\t<\/div>\n\t\t<\/section>\n\t\t\t\t<\/div>\n\t\t","protected":false},"excerpt":{"rendered":"<p>Galer\u00eda Explora nuestra galer\u00eda y descubre la autenticidad en cada producto \u00a1No te conformes con menos! Comun\u00edcate con nosotros ahora mismo y nuestro equipo de expertos podr\u00e1n ayudarte a alcanzar tus metas de manera r\u00e1pida y efectiva. Cont\u00e1ctanos<\/p>\n","protected":false},"author":1,"featured_media":0,"parent":0,"menu_order":0,"comment_status":"closed","ping_status":"closed","template":"elementor_header_footer","meta":{"footnotes":""},"class_list":["post-26","page","type-page","status-publish","hentry"],"_links":{"self":[{"href":"https:\/\/www.worthybio.com\/index.php?rest_route=\/wp\/v2\/pages\/26","targetHints":{"allow":["GET"]}}],"collection":[{"href":"https:\/\/www.worthybio.com\/index.php?rest_route=\/wp\/v2\/pages"}],"about":[{"href":"https:\/\/www.worthybio.com\/index.php?rest_route=\/wp\/v2\/types\/page"}],"author":[{"embeddable":true,"href":"https:\/\/www.worthybio.com\/index.php?rest_route=\/wp\/v2\/users\/1"}],"replies":[{"embeddable":true,"href":"https:\/\/www.worthybio.com\/index.php?rest_route=%2Fwp%2Fv2%2Fcomments&post=26"}],"version-history":[{"count":4,"href":"https:\/\/www.worthybio.com\/index.php?rest_route=\/wp\/v2\/pages\/26\/revisions"}],"predecessor-version":[{"id":56,"href":"https:\/\/www.worthybio.com\/index.php?rest_route=\/wp\/v2\/pages\/26\/revisions\/56"}],"wp:attachment":[{"href":"https:\/\/www.worthybio.com\/index.php?rest_route=%2Fwp%2Fv2%2Fmedia&parent=26"}],"curies":[{"name":"wp","href":"https:\/\/api.w.org\/{rel}","templated":true}]}}